{"id":893,"date":"2022-12-18T16:57:24","date_gmt":"2022-12-18T13:57:24","guid":{"rendered":"https:\/\/velmut.com\/en\/?page_id=893"},"modified":"2026-01-26T19:27:23","modified_gmt":"2026-01-26T16:27:23","slug":"contact-us","status":"publish","type":"page","link":"https:\/\/velmut.com\/en\/contact-us\/","title":{"rendered":"Contact us"},"content":{"rendered":"\n<div class=\"wp-block-columns page-tit is-layout-flex wp-container-core-columns-is-layout-9d6595d7 wp-block-columns-is-layout-flex\">\n<div class=\"wp-block-column is-layout-flow wp-block-column-is-layout-flow\">\n<div class=\"wp-block-columns container is-layout-flex wp-container-core-columns-is-layout-9d6595d7 wp-block-columns-is-layout-flex\">\n<div class=\"wp-block-column is-layout-flow wp-block-column-is-layout-flow\">\n<p class=\"p-tit-h1\">MERHABA<\/p>\n\n\n\n<h1 class=\"wp-block-heading\">B\u0130ZE ULA\u015eIN<\/h1>\n<\/div>\n\n\n\n<div class=\"wp-block-column is-layout-flow wp-block-column-is-layout-flow\">\n<p class=\"p-tit-p\">VELMUT<\/p>\n<\/div>\n<\/div>\n<\/div>\n<\/div>\n\n\n\n<div class=\"wp-block-columns page-content is-layout-flex wp-container-core-columns-is-layout-9d6595d7 wp-block-columns-is-layout-flex\">\n<div class=\"wp-block-column is-layout-flow wp-block-column-is-layout-flow\">\n<div class=\"wp-block-columns container is-layout-flex wp-container-core-columns-is-layout-9d6595d7 wp-block-columns-is-layout-flex\">\n<div class=\"wp-block-column is-layout-flow wp-block-column-is-layout-flow\">\n<h2 class=\"has-text-align-center wp-block-heading\">Size Nas\u0131l Yard\u0131mc\u0131 Olabiliriz ?<\/h2>\n\n\n\n<div class=\"wp-block-columns page-contact is-layout-flex wp-container-core-columns-is-layout-9d6595d7 wp-block-columns-is-layout-flex\">\n<div class=\"wp-block-column box-contact-1 contact-1 is-layout-flow wp-block-column-is-layout-flow\">\n<h3 class=\"has-text-align-center wp-block-heading\">\u0130leti\u015fim Kurmak<br>\u0130stiyorum<\/h3>\n<\/div>\n\n\n\n<div class=\"wp-block-column box-contact-1 contact-2 is-layout-flow wp-block-column-is-layout-flow\">\n<h3 class=\"has-text-align-center wp-block-heading\">\u00d6deme \u0130\u015flemleri  (Muhasebe)<\/h3>\n<\/div>\n\n\n\n<div class=\"wp-block-column box-contact-1 contact-3 is-layout-flow wp-block-column-is-layout-flow\">\n<h3 class=\"has-text-align-center wp-block-heading\">Teklif Almak \u0130stiyorum<\/h3>\n<\/div>\n\n\n\n<div class=\"wp-block-column box-contact-1 contact-4 is-layout-flow wp-block-column-is-layout-flow\">\n<h3 class=\"has-text-align-center wp-block-heading\">Ekibinizin Bir Par\u00e7as\u0131 Olmak \u0130stiyorum<\/h3>\n<\/div>\n<\/div>\n<\/div>\n<\/div>\n\n\n\n<div class=\"wp-block-columns container content-1-c is-layout-flex wp-container-core-columns-is-layout-9d6595d7 wp-block-columns-is-layout-flex\">\n<div class=\"wp-block-column a-box is-layout-flow wp-block-column-is-layout-flow\">\n<div class=\"wp-block-buttons is-layout-flex wp-block-buttons-is-layout-flex\">\n<div class=\"wp-block-button\"><a class=\"wp-block-button__link wp-element-button\" href=\"https:\/\/www.google.com\/maps?ll=37.081996,37.35562&amp;z=15&amp;t=m&amp;hl=tr&amp;gl=TR&amp;mapclient=embed&amp;cid=180342177224390530\" target=\"_blank\" rel=\"noreferrer noopener\"><i class=\"ri-home-smile-fill\"><\/i> M\u00fccahitler Mah. \u015eehit Murat Sar\u0131g\u00fcl Sok. No:4 Gaziantep\/\u015eehitkamil<\/a><\/div>\n<\/div>\n\n\n\n<div class=\"wp-block-columns is-layout-flex wp-container-core-columns-is-layout-9d6595d7 wp-block-columns-is-layout-flex\">\n<div class=\"wp-block-column is-layout-flow wp-block-column-is-layout-flow\">\n<div class=\"wp-block-buttons is-layout-flex wp-block-buttons-is-layout-flex\">\n<div class=\"wp-block-button\"><a class=\"wp-block-button__link wp-element-button\" href=\"mailto:info@velmut.com\"><i class=\"ri-mail-fill\"><\/i> info@velmut.com<\/a><\/div>\n<\/div>\n<\/div>\n\n\n\n<div class=\"wp-block-column is-layout-flow wp-block-column-is-layout-flow\">\n<div class=\"wp-block-buttons is-layout-flex wp-block-buttons-is-layout-flex\">\n<div class=\"wp-block-button\"><a class=\"wp-block-button__link wp-element-button\" href=\"tel:905447221504\"><i class=\"ri-phone-fill\"><\/i> +90 544 722 15 04<\/a><\/div>\n<\/div>\n<\/div>\n<\/div>\n<\/div>\n\n\n\n<div class=\"wp-block-column is-layout-flow wp-block-column-is-layout-flow\"><form action=\"\" class=\"footer-form\">\r\n                    <div class=\"row\">\r\n                        <div class=\"col-md-6\">\r\n                            <div class=\"inp-box\">\r\n                                <input type=\"text\" placeholder=\"Ad\u0131n\u0131z\">\r\n                            <\/div>\r\n                        <\/div>\r\n                        <div class=\"col-md-6\">\r\n                            <div class=\"inp-box\">\r\n                                <input type=\"text\" placeholder=\"E-Mail\">\r\n                            <\/div>\r\n                        <\/div>\r\n                        <div class=\"col-md-6\">\r\n                            <div class=\"inp-box\">\r\n                                <input type=\"text\" placeholder=\"Telefon\">\r\n                            <\/div>\r\n                        <\/div>\r\n                        <div class=\"col-md-6\">\r\n                            <div class=\"inp-box\">\r\n                                <input type=\"text\" placeholder=\"Konu\">\r\n                            <\/div>\r\n                        <\/div>\r\n                        <div class=\"col-md-12\">\r\n                            <div class=\"inp-box\">\r\n                       <textarea  placeholder=\"Mesaj\u0131n\u0131z\" rows=\"4\" cols=\"50\">\r\n<\/textarea>\r\n                            <\/div>\r\n                        <\/div>\r\n                        <div class=\"col-md-12\" style=\"text-align: end;\">\r\n                            <div class=\"check-box-wrap\">\r\n                                <label class=\"check-box\">Velmut'un <span>gizlilik s\u00f6zle\u015fmesini <\/span>okudum, kabul ediyorum\r\n                                    <input type=\"checkbox\" checked=\"checked\">\r\n                                    <span class=\"checkmark\"><\/span>\r\n                                <\/label>\r\n                            <\/div>\r\n                        <\/div>\r\n                        <div class=\"col-md-12\">\r\n                            <button type=\"button\" class=\"form-footer-button\">\r\n                                Formu G\u00f6nder\r\n                                <i class=\"ri-arrow-right-line\"><\/i>\r\n                            <\/button>\r\n                        <\/div>\r\n                    <\/div>\r\n                <\/form>\n<\/div>\n<\/div>\n\n\n\n<div class=\"wp-block-columns container content-2-c is-layout-flex wp-container-core-columns-is-layout-9d6595d7 wp-block-columns-is-layout-flex\">\n<div class=\"wp-block-column is-layout-flow wp-block-column-is-layout-flow\">\n<div class=\"wp-block-columns is-layout-flex wp-container-core-columns-is-layout-9d6595d7 wp-block-columns-is-layout-flex\">\n<div class=\"wp-block-column is-layout-flow wp-block-column-is-layout-flow\">\n<h2 class=\"has-medium-font-size wp-block-heading\">HESAP B\u0130LG\u0130LER\u0130M\u0130Z<\/h2>\n\n\n\n<p style=\"font-size:14px\">Banka: <strong>Enpara<\/strong><\/p>\n\n\n\n<p style=\"font-size:14px\">Ad Soyad: <strong>SERKAN \u0130K\u0130ZO\u011eLU<\/strong><\/p>\n\n\n\n<p style=\"font-size:14px\">Para Birimi: <strong>TL<\/strong><\/p>\n\n\n\n<p style=\"font-size:14px\">Hesap No: <strong>000000110<\/strong><\/p>\n\n\n\n<p style=\"font-size:14px\">\u015eube: <strong>SUBURCU &#8211; 110<\/strong><\/p>\n\n\n\n<p style=\"font-size:14px\">IBAN: <strong>TR24 0011 1000 0000 0110 9415 95<\/strong><\/p>\n<\/div>\n<\/div>\n<\/div>\n\n\n\n<div class=\"wp-block-column is-layout-flow wp-block-column-is-layout-flow\"><\/div>\n<\/div>\n<\/div>\n<\/div>\n","protected":false},"excerpt":{"rendered":"<p>MERHABA B\u0130ZE ULA\u015eIN VELMUT Size Nas\u0131l Yard\u0131mc\u0131 Olabiliriz ? \u0130leti\u015fim Kurmak\u0130stiyorum \u00d6deme \u0130\u015flemleri (Muhasebe) Teklif Almak \u0130stiyorum Ekibinizin Bir Par\u00e7as\u0131 Olmak \u0130stiyorum HESAP B\u0130LG\u0130LER\u0130M\u0130Z Banka: Enpara Ad Soyad: SERKAN \u0130K\u0130ZO\u011eLU Para Birimi: TL Hesap No: 000000110 \u015eube: SUBURCU &#8211; 110 IBAN: TR24 0011 1000 0000 0110 9415 95<\/p>\n","protected":false},"author":1,"featured_media":0,"parent":0,"menu_order":0,"comment_status":"closed","ping_status":"closed","template":"bize-ulasin.php","meta":{"footnotes":""},"class_list":["post-893","page","type-page","status-publish","hentry"],"_links":{"self":[{"href":"https:\/\/velmut.com\/en\/wp-json\/wp\/v2\/pages\/893","targetHints":{"allow":["GET"]}}],"collection":[{"href":"https:\/\/velmut.com\/en\/wp-json\/wp\/v2\/pages"}],"about":[{"href":"https:\/\/velmut.com\/en\/wp-json\/wp\/v2\/types\/page"}],"author":[{"embeddable":true,"href":"https:\/\/velmut.com\/en\/wp-json\/wp\/v2\/users\/1"}],"replies":[{"embeddable":true,"href":"https:\/\/velmut.com\/en\/wp-json\/wp\/v2\/comments?post=893"}],"version-history":[{"count":58,"href":"https:\/\/velmut.com\/en\/wp-json\/wp\/v2\/pages\/893\/revisions"}],"predecessor-version":[{"id":1806,"href":"https:\/\/velmut.com\/en\/wp-json\/wp\/v2\/pages\/893\/revisions\/1806"}],"wp:attachment":[{"href":"https:\/\/velmut.com\/en\/wp-json\/wp\/v2\/media?parent=893"}],"curies":[{"name":"wp","href":"https:\/\/api.w.org\/{rel}","templated":true}]}}